{"id":190,"date":"2025-09-16T03:51:20","date_gmt":"2025-09-16T01:51:20","guid":{"rendered":"https:\/\/galfigatto.com\/?page_id=190"},"modified":"2025-10-01T01:06:04","modified_gmt":"2025-09-30T23:06:04","slug":"bemutatkozas","status":"publish","type":"page","link":"https:\/\/galfigatto.com\/fr\/bemutatkozas\/","title":{"rendered":"\u00c0 propos"},"content":{"rendered":"<div data-elementor-type=\"wp-page\" data-elementor-id=\"190\" class=\"elementor elementor-190\">\n\t\t\t\t<div class=\"elementor-element elementor-element-39942bfe e-flex e-con-boxed e-con e-parent\" data-id=\"39942bfe\" data-element_type=\"container\" data-settings=\"{&quot;background_background&quot;:&quot;classic&quot;}\">\n\t\t\t\t\t<div class=\"e-con-inner\">\n\t\t<div class=\"elementor-element elementor-element-23bb35eb e-grid e-con-boxed e-con e-child\" data-id=\"23bb35eb\" data-element_type=\"container\">\n\t\t\t\t\t<div class=\"e-con-inner\">\n\t\t\t\t<div class=\"elementor-element elementor-element-109d4f51 animated-fast elementor-invisible elementor-widget elementor-widget-image\" data-id=\"109d4f51\" data-element_type=\"widget\" data-settings=\"{&quot;_animation&quot;:&quot;fadeIn&quot;,&quot;_animation_delay&quot;:500}\" data-widget_type=\"image.default\">\n\t\t\t\t\t\t\t\t\t\t\t\t\t\t\t<img fetchpriority=\"high\" decoding=\"async\" width=\"869\" height=\"947\" src=\"https:\/\/galfigatto.com\/wp-content\/uploads\/2025\/10\/galfigatto4.jpg\" class=\"attachment-full size-full wp-image-363\" alt=\"\" srcset=\"https:\/\/galfigatto.com\/wp-content\/uploads\/2025\/10\/galfigatto4.jpg 869w, https:\/\/galfigatto.com\/wp-content\/uploads\/2025\/10\/galfigatto4-275x300.jpg 275w, https:\/\/galfigatto.com\/wp-content\/uploads\/2025\/10\/galfigatto4-768x837.jpg 768w, https:\/\/galfigatto.com\/wp-content\/uploads\/2025\/10\/galfigatto4-11x12.jpg 11w\" sizes=\"(max-width: 869px) 100vw, 869px\" \/>\t\t\t\t\t\t\t\t\t\t\t\t\t\t\t<\/div>\n\t\t<div class=\"elementor-element elementor-element-42bca963 e-con-full e-flex e-con e-child\" data-id=\"42bca963\" data-element_type=\"container\">\n\t\t<div class=\"elementor-element elementor-element-37c9748c e-con-full e-flex e-con e-child\" data-id=\"37c9748c\" data-element_type=\"container\">\n\t\t\t\t<div class=\"elementor-element elementor-element-534893e0 elementor-widget__width-initial elementor-widget-mobile__width-inherit animated-fast elementor-invisible elementor-widget elementor-widget-heading\" data-id=\"534893e0\" data-element_type=\"widget\" data-settings=\"{&quot;_animation&quot;:&quot;fadeIn&quot;,&quot;_animation_delay&quot;:750}\" data-widget_type=\"heading.default\">\n\t\t\t\t\t<h3 class=\"elementor-heading-title elementor-size-default\">Le ring fait partie de ma vie. En tant que combattant, la pers\u00e9v\u00e9rance et la victoire m\u2019ont toujours guid\u00e9.<\/h3>\t\t\t\t<\/div>\n\t\t\t\t<\/div>\n\t\t<div class=\"elementor-element elementor-element-3cf3b5aa e-con-full e-grid e-con e-child\" data-id=\"3cf3b5aa\" data-element_type=\"container\">\n\t\t\t\t<div class=\"elementor-element elementor-element-5ad7e64d animated-fast elementor-invisible elementor-widget elementor-widget-text-editor\" data-id=\"5ad7e64d\" data-element_type=\"widget\" data-settings=\"{&quot;_animation&quot;:&quot;fadeIn&quot;,&quot;_animation_delay&quot;:1250}\" data-widget_type=\"text-editor.default\">\n\t\t\t\t\t\t\t\t\t<p>D\u00e8s l\u2019\u00e9cole primaire, j\u2019\u00e9tais un enfant tr\u00e8s timide mais bagarreur. \u00c0 la fin des ann\u00e9es 80, j\u2019ai vu \u00e0 la t\u00e9l\u00e9vision le combat entre Frank Bruno et Mike Tyson, et d\u00e8s ce moment-l\u00e0 j\u2019ai voulu devenir boxeur.<\/p><p>J\u2019ai grandi dans une famille intellectuelle dans un quartier ais\u00e9, mais il n\u2019y avait pas de salle de boxe \u00e0 proximit\u00e9, alors les bagarres de rue restaient l\u2019endroit o\u00f9 je cherchais souvent \u00e0 faire mes preuves. \u00c0 l\u2019\u00e9cole, le handball \u00e9tait le sport le plus populaire, donc j\u2019ai commenc\u00e9 \u00e0 le pratiquer aussi. J\u2019ai atteint le niveau de l\u2019\u00e9quipe nationale junior, mais j\u2019ai d\u00fb arr\u00eater \u00e0 cause d\u2019une calcification au bas de la colonne vert\u00e9brale<\/p><p>Par la suite, je me suis tourn\u00e9 vers la musculation et, d\u00e8s l\u2019\u00e2ge de 17 ans, j\u2019ai commenc\u00e9 l\u2019entra\u00eenement avec des poids. Dans une salle de sport, j\u2019ai rencontr\u00e9 un gar\u00e7on qui faisait aussi de la boxe, et avant mes 18 ans il m\u2019a emmen\u00e9 dans la salle de boxe du KSI. C\u2019est ainsi que ma carri\u00e8re de boxeur a commenc\u00e9.<\/p>\t\t\t\t\t\t\t\t<\/div>\n\t\t\t\t<\/div>\n\t\t\t\t<\/div>\n\t\t\t\t\t<\/div>\n\t\t\t\t<\/div>\n\t\t\t\t\t<\/div>\n\t\t\t\t<\/div>\n\t\t<div class=\"elementor-element elementor-element-efe5713 e-flex e-con-boxed e-con e-parent\" data-id=\"efe5713\" data-element_type=\"container\">\n\t\t\t\t\t<div class=\"e-con-inner\">\n\t\t\t\t<div class=\"elementor-element elementor-element-7aa91f1 elementor-widget elementor-widget-text-editor\" data-id=\"7aa91f1\" data-element_type=\"widget\" data-widget_type=\"text-editor.default\">\n\t\t\t\t\t\t\t\t\t<p>Apr\u00e8s seulement 5 mois d\u2019entra\u00eenement, j\u2019ai particip\u00e9 \u00e0 un championnat hongrois de ma cat\u00e9gorie d\u2019\u00e2ge, o\u00f9 j\u2019ai remport\u00e9 une m\u00e9daille de bronze. Par la suite, je n\u2019ai pas continu\u00e9 les comp\u00e9titions amateurs, mais je m\u2019entra\u00eenais trois fois par semaine. Lors d\u2019une de ces s\u00e9ances, un manager professionnel m\u2019a remarqu\u00e9 et m\u2019a propos\u00e9 un contrat. J\u2019ai accept\u00e9, et lors de combats d\u2019entra\u00eenement j\u2019ai prouv\u00e9 que j\u2019avais ma place parmi les professionnels. J\u2019ai affront\u00e9 des adversaires du Benelux et de l\u2019Union sovi\u00e9tique, o\u00f9 j\u2019ai livr\u00e9 une performance convaincante, ce qui m\u2019a valu un contrat professionnel \u2013 ce qui \u00e9tait \u00e0 l\u2019\u00e9poque tr\u00e8s rare en Hongrie.<\/p><p>En 1993, j\u2019ai commenc\u00e9 ma pr\u00e9paration et j\u2019ai remport\u00e9 mon premier combat contre un adversaire slovaque. Mon deuxi\u00e8me match a eu lieu en Italie contre un boxeur local invaincu. Je l\u2019ai envoy\u00e9 plusieurs fois au tapis, mais en raison de l\u2019avantage du terrain, les juges ont d\u00e9clar\u00e9 le combat nul. J\u2019ai v\u00e9cu une exp\u00e9rience similaire en Belgique, o\u00f9 j\u2019aurais d\u00fb gagner contre le champion du Benelux, mais le match a de nouveau \u00e9t\u00e9 d\u00e9clar\u00e9 nul.<\/p><p>En Hongrie, je gagnais mes combats les uns apr\u00e8s les autres, mais je ne voyais aucune possibilit\u00e9 de progression. C\u2019est alors que l\u2019entrepreneur Zolt\u00e1n Seres m\u2019a rejoint en tant que manager et, avec ma m\u00e8re, il a fait avancer ma carri\u00e8re tant sur le plan professionnel que financier.<\/p><p>Ma m\u00e8re avait des relations en France, ce qui m\u2019a mis en contact avec G\u00e9rard Tyseron, le propri\u00e9taire de la soci\u00e9t\u00e9 de promotion fran\u00e7aise Europrom. \u00c0 Grenoble, j\u2019ai pu m\u2019entra\u00eener dans la salle de Dominique Ramirez, qui \u00e9tait \u00e9galement l\u2019entra\u00eeneur de Laurent Boudouani, futur champion du monde. En France, j\u2019ai disput\u00e9 et remport\u00e9 plusieurs combats.<\/p><p><img decoding=\"async\" class=\"wp-image-279  alignleft\" src=\"https:\/\/galfigatto.com\/wp-content\/uploads\/2025\/09\/ovek-a.jpg\" alt=\"\" width=\"608\" height=\"314\" srcset=\"https:\/\/galfigatto.com\/wp-content\/uploads\/2025\/09\/ovek-a.jpg 800w, https:\/\/galfigatto.com\/wp-content\/uploads\/2025\/09\/ovek-a-300x155.jpg 300w, https:\/\/galfigatto.com\/wp-content\/uploads\/2025\/09\/ovek-a-768x396.jpg 768w, https:\/\/galfigatto.com\/wp-content\/uploads\/2025\/09\/ovek-a-18x9.jpg 18w\" sizes=\"(max-width: 608px) 100vw, 608px\" \/><\/p><p>Cependant, Ramirez a insist\u00e9 pour que je change de cat\u00e9gorie de poids, ce qui s\u2019est retourn\u00e9 contre moi : mes performances ont baiss\u00e9 et j\u2019ai enregistr\u00e9 un nul ainsi qu\u2019une d\u00e9faite. Je suis ensuite revenu chez les poids moyens, o\u00f9 les victoires ont de nouveau commenc\u00e9 \u00e0 arriver. J\u2019ai \u00e9t\u00e9 invit\u00e9 en Angleterre pour un combat de championnat WBC contre Glenn Catley, que j\u2019ai mis K.-O.<\/p><p>A c\u00edmv\u00e9d\u0151 meccsemet Franciaorsz\u00e1gban, Epernay-ben Morrade Hakkar ellen v\u00edvtam, \u00e9s megosztott pontoz\u00e1ssal kaptam ki. Ezut\u00e1n m\u00e1r nem k\u00e9sz\u00fcltem olyan elsz\u00e1ntan, \u00edgy b\u00e1r j\u00f6ttek gy\u0151zelmek, veres\u00e9gek is becs\u00fasztak, p\u00e9ld\u00e1ul a visszav\u00e1g\u00f3n Catley ellen.<\/p><p>Pendant un temps, j\u2019ai rompu avec Europrom et j\u2019ai sign\u00e9 avec une soci\u00e9t\u00e9 de promotion nationale, F\u00e9lix Promotion. En Hongrie, j\u2019ai retrouv\u00e9 ma forme et encha\u00een\u00e9 les victoires. Gr\u00e2ce \u00e0 F\u00e9lix, j\u2019ai eu l\u2019occasion de participer \u00e0 une finale de championnat du monde en Tanzanie en tant que rempla\u00e7ant. Malheureusement, sans pr\u00e9paration ad\u00e9quate, apr\u00e8s avoir perdu du poids avec des diur\u00e9tiques et sans m\u2019\u00eatre adapt\u00e9 au climat africain, je suis mont\u00e9 sur le ring. Au quatri\u00e8me round, j\u2019ai d\u00fb abandonner le combat.<\/p><p>Par la suite, j\u2019ai encore disput\u00e9 un combat en France, o\u00f9 j\u2019ai mis mon adversaire K.-O., mais les juges ont donn\u00e9 la victoire au boxeur local.<\/p><p>Sous l\u2019organisation de F\u00e9lix Promotion, j\u2019ai ensuite encha\u00een\u00e9 11 victoires cons\u00e9cutives, dont un titre mineur WBU et un titre mineur WBO. Plus tard, j\u2019ai de nouveau accept\u00e9 un combat en tant que rempla\u00e7ant pour une finale de championnat du monde WBO \u00e0 Buenos Aires, que j\u2019ai perdue \u00e0 cause d\u2019une blessure \u00e0 l\u2019\u0153il. Cette blessure a \u00e9galement marqu\u00e9 la fin de ma carri\u00e8re.<\/p><p>J\u2019ai d\u00fb prendre ma retraite \u00e0 seulement 30 ans. Cependant, je pense qu\u2019\u00e9tant donn\u00e9 que j\u2019ai commenc\u00e9 la boxe \u00e0 18 ans, sans parcours amateur, j\u2019ai obtenu de beaux succ\u00e8s : j\u2019ai battu deux champions nationaux fran\u00e7ais, un champion national italien ainsi qu\u2019un champion du monde anglais, et j\u2019ai remport\u00e9 des titres r\u00e9gionaux dans trois f\u00e9d\u00e9rations mondiales (WBC, WBO, WBU). De plus, j\u2019ai eu l\u2019honneur de disputer deux finales de championnat du monde.<\/p>\t\t\t\t\t\t\t\t<\/div>\n\t\t\t\t\t<\/div>\n\t\t\t\t<\/div>\n\t\t\t\t<\/div>","protected":false},"excerpt":{"rendered":"<p>A ring az \u00e9letem r\u00e9sze. Harcosk\u00e9nt mindig a kitart\u00e1s \u00e9s a gy\u0151zelem vezetett M\u00e1r \u00e1ltal\u00e1nos iskol\u00e1s koromban nagyon g\u00e1tl\u00e1sos, ugyanakkor [&hellip;]<\/p>","protected":false},"author":1,"featured_media":0,"parent":0,"menu_order":0,"comment_status":"closed","ping_status":"closed","template":"elementor_header_footer","meta":{"site-sidebar-layout":"no-sidebar","site-content-layout":"","ast-site-content-layout":"full-width-container","site-content-style":"default","site-sidebar-style":"default","ast-global-header-display":"","ast-banner-title-visibility":"","ast-main-header-display":"","ast-hfb-above-header-display":"","ast-hfb-below-header-display":"","ast-hfb-mobile-header-display":"","site-post-title":"","ast-breadcrumbs-content":"","ast-featured-img":"disabled","footer-sml-layout":"","theme-transparent-header-meta":"default","adv-header-id-meta":"","stick-header-meta":"default","header-above-stick-meta":"","header-main-stick-meta":"","header-below-stick-meta":"","astra-migrate-meta-layouts":"set","ast-page-background-enabled":"default","ast-page-background-meta":{"desktop":{"background-color":"var(--ast-global-color-5)","background-image":"","background-repeat":"repeat","background-position":"center center","background-size":"auto","background-attachment":"scroll","background-type":"","background-media":"","overlay-type":"","overlay-color":"","overlay-opacity":"","overlay-gradient":""},"tablet":{"background-color":"","background-image":"","background-repeat":"repeat","background-position":"center center","background-size":"auto","background-attachment":"scroll","background-type":"","background-media":"","overlay-type":"","overlay-color":"","overlay-opacity":"","overlay-gradient":""},"mobile":{"background-color":"","background-image":"","background-repeat":"repeat","background-position":"center center","background-size":"auto","background-attachment":"scroll","background-type":"","background-media":"","overlay-type":"","overlay-color":"","overlay-opacity":"","overlay-gradient":""}},"ast-content-background-meta":{"desktop":{"background-color":"var(--ast-global-color-4)","background-image":"","background-repeat":"repeat","background-position":"center center","background-size":"auto","background-attachment":"scroll","background-type":"","background-media":"","overlay-type":"","overlay-color":"","overlay-opacity":"","overlay-gradient":""},"tablet":{"background-color":"var(--ast-global-color-4)","background-image":"","background-repeat":"repeat","background-position":"center center","background-size":"auto","background-attachment":"scroll","background-type":"","background-media":"","overlay-type":"","overlay-color":"","overlay-opacity":"","overlay-gradient":""},"mobile":{"background-color":"var(--ast-global-color-4)","background-image":"","background-repeat":"repeat","background-position":"center center","background-size":"auto","background-attachment":"scroll","background-type":"","background-media":"","overlay-type":"","overlay-color":"","overlay-opacity":"","overlay-gradient":""}},"footnotes":""},"class_list":["post-190","page","type-page","status-publish","hentry"],"yoast_head":"<!-- This site is optimized with the Yoast SEO Premium plugin v25.9 (Yoast SEO v26.1.1) - https:\/\/yoast.com\/wordpress\/plugins\/seo\/ -->\n<title>Bemutatkoz\u00e1s - G\u00e1lfi Andr\u00e1s Boxing School<\/title>\n<meta name=\"description\" content=\"Tanulj profi technik\u00e1kat, fejleszd az er\u0151nl\u00e9ted \u00e9s l\u00e9gy magabiztosabb minden nap!\" \/>\n<meta name=\"robots\" content=\"index, follow, max-snippet:-1, max-image-preview:large, max-video-preview:-1\" \/>\n<link rel=\"canonical\" href=\"https:\/\/galfigatto.com\/fr\/bemutatkozas\/\" \/>\n<meta property=\"og:locale\" content=\"fr_FR\" \/>\n<meta property=\"og:type\" content=\"article\" \/>\n<meta property=\"og:title\" content=\"Bemutatkoz\u00e1s\" \/>\n<meta property=\"og:description\" content=\"Tanulj profi technik\u00e1kat, fejleszd az er\u0151nl\u00e9ted \u00e9s l\u00e9gy magabiztosabb minden nap!\" \/>\n<meta property=\"og:url\" content=\"https:\/\/galfigatto.com\/fr\/bemutatkozas\/\" \/>\n<meta property=\"og:site_name\" content=\"G\u00e1lfi Andr\u00e1s Boxing School\" \/>\n<meta property=\"article:modified_time\" content=\"2025-09-30T23:06:04+00:00\" \/>\n<meta property=\"og:image\" content=\"https:\/\/galfigatto.com\/wp-content\/uploads\/2025\/10\/galfigatto4.jpg\" \/>\n<meta name=\"twitter:card\" content=\"summary_large_image\" \/>\n<meta name=\"twitter:label1\" content=\"Dur\u00e9e de lecture estim\u00e9e\" \/>\n\t<meta name=\"twitter:data1\" content=\"4 minutes\" \/>\n<script type=\"application\/ld+json\" class=\"yoast-schema-graph\">{\"@context\":\"https:\/\/schema.org\",\"@graph\":[{\"@type\":\"WebPage\",\"@id\":\"https:\/\/galfigatto.com\/bemutatkozas\/\",\"url\":\"https:\/\/galfigatto.com\/bemutatkozas\/\",\"name\":\"Bemutatkoz\u00e1s - G\u00e1lfi Andr\u00e1s Boxing School\",\"isPartOf\":{\"@id\":\"https:\/\/galfigatto.com\/#website\"},\"primaryImageOfPage\":{\"@id\":\"https:\/\/galfigatto.com\/bemutatkozas\/#primaryimage\"},\"image\":{\"@id\":\"https:\/\/galfigatto.com\/bemutatkozas\/#primaryimage\"},\"thumbnailUrl\":\"https:\/\/galfigatto.com\/wp-content\/uploads\/2025\/10\/galfigatto4.jpg\",\"datePublished\":\"2025-09-16T01:51:20+00:00\",\"dateModified\":\"2025-09-30T23:06:04+00:00\",\"description\":\"Tanulj profi technik\u00e1kat, fejleszd az er\u0151nl\u00e9ted \u00e9s l\u00e9gy magabiztosabb minden nap!\",\"breadcrumb\":{\"@id\":\"https:\/\/galfigatto.com\/bemutatkozas\/#breadcrumb\"},\"inLanguage\":\"fr-FR\",\"potentialAction\":[{\"@type\":\"ReadAction\",\"target\":[\"https:\/\/galfigatto.com\/bemutatkozas\/\"]}]},{\"@type\":\"ImageObject\",\"inLanguage\":\"fr-FR\",\"@id\":\"https:\/\/galfigatto.com\/bemutatkozas\/#primaryimage\",\"url\":\"https:\/\/galfigatto.com\/wp-content\/uploads\/2025\/10\/galfigatto4.jpg\",\"contentUrl\":\"https:\/\/galfigatto.com\/wp-content\/uploads\/2025\/10\/galfigatto4.jpg\"},{\"@type\":\"BreadcrumbList\",\"@id\":\"https:\/\/galfigatto.com\/bemutatkozas\/#breadcrumb\",\"itemListElement\":[{\"@type\":\"ListItem\",\"position\":1,\"name\":\"Home\",\"item\":\"https:\/\/galfigatto.com\/\"},{\"@type\":\"ListItem\",\"position\":2,\"name\":\"Bemutatkoz\u00e1s\"}]},{\"@type\":\"WebSite\",\"@id\":\"https:\/\/galfigatto.com\/#website\",\"url\":\"https:\/\/galfigatto.com\/\",\"name\":\"G\u00e1lfi Andr\u00e1s Boxing School\",\"description\":\"\",\"publisher\":{\"@id\":\"https:\/\/galfigatto.com\/#organization\"},\"potentialAction\":[{\"@type\":\"SearchAction\",\"target\":{\"@type\":\"EntryPoint\",\"urlTemplate\":\"https:\/\/galfigatto.com\/?s={search_term_string}\"},\"query-input\":{\"@type\":\"PropertyValueSpecification\",\"valueRequired\":true,\"valueName\":\"search_term_string\"}}],\"inLanguage\":\"fr-FR\"},{\"@type\":\"Organization\",\"@id\":\"https:\/\/galfigatto.com\/#organization\",\"name\":\"G\u00e1lfi Andr\u00e1s Boxing School\",\"url\":\"https:\/\/galfigatto.com\/\",\"logo\":{\"@type\":\"ImageObject\",\"inLanguage\":\"fr-FR\",\"@id\":\"https:\/\/galfigatto.com\/#\/schema\/logo\/image\/\",\"url\":\"https:\/\/galfigatto.com\/wp-content\/uploads\/2025\/08\/logo2.jpg\",\"contentUrl\":\"https:\/\/galfigatto.com\/wp-content\/uploads\/2025\/08\/logo2.jpg\",\"width\":627,\"height\":164,\"caption\":\"G\u00e1lfi Andr\u00e1s Boxing School\"},\"image\":{\"@id\":\"https:\/\/galfigatto.com\/#\/schema\/logo\/image\/\"}}]}<\/script>\n<!-- \/ Yoast SEO Premium plugin. -->","yoast_head_json":{"title":"Bemutatkoz\u00e1s - G\u00e1lfi Andr\u00e1s Boxing School","description":"Apprends des techniques professionnelles, d\u00e9veloppe ta condition physique et deviens plus confiant chaque jour !","robots":{"index":"index","follow":"follow","max-snippet":"max-snippet:-1","max-image-preview":"max-image-preview:large","max-video-preview":"max-video-preview:-1"},"canonical":"https:\/\/galfigatto.com\/fr\/bemutatkozas\/","og_locale":"fr_FR","og_type":"article","og_title":"Bemutatkoz\u00e1s","og_description":"Tanulj profi technik\u00e1kat, fejleszd az er\u0151nl\u00e9ted \u00e9s l\u00e9gy magabiztosabb minden nap!","og_url":"https:\/\/galfigatto.com\/fr\/bemutatkozas\/","og_site_name":"G\u00e1lfi Andr\u00e1s Boxing School","article_modified_time":"2025-09-30T23:06:04+00:00","og_image":[{"url":"https:\/\/galfigatto.com\/wp-content\/uploads\/2025\/10\/galfigatto4.jpg","type":"","width":"","height":""}],"twitter_card":"summary_large_image","twitter_misc":{"Dur\u00e9e de lecture estim\u00e9e":"4 minutes"},"schema":{"@context":"https:\/\/schema.org","@graph":[{"@type":"WebPage","@id":"https:\/\/galfigatto.com\/bemutatkozas\/","url":"https:\/\/galfigatto.com\/bemutatkozas\/","name":"Bemutatkoz\u00e1s - G\u00e1lfi Andr\u00e1s Boxing School","isPartOf":{"@id":"https:\/\/galfigatto.com\/#website"},"primaryImageOfPage":{"@id":"https:\/\/galfigatto.com\/bemutatkozas\/#primaryimage"},"image":{"@id":"https:\/\/galfigatto.com\/bemutatkozas\/#primaryimage"},"thumbnailUrl":"https:\/\/galfigatto.com\/wp-content\/uploads\/2025\/10\/galfigatto4.jpg","datePublished":"2025-09-16T01:51:20+00:00","dateModified":"2025-09-30T23:06:04+00:00","description":"Apprends des techniques professionnelles, d\u00e9veloppe ta condition physique et deviens plus confiant chaque jour !","breadcrumb":{"@id":"https:\/\/galfigatto.com\/bemutatkozas\/#breadcrumb"},"inLanguage":"fr-FR","potentialAction":[{"@type":"ReadAction","target":["https:\/\/galfigatto.com\/bemutatkozas\/"]}]},{"@type":"ImageObject","inLanguage":"fr-FR","@id":"https:\/\/galfigatto.com\/bemutatkozas\/#primaryimage","url":"https:\/\/galfigatto.com\/wp-content\/uploads\/2025\/10\/galfigatto4.jpg","contentUrl":"https:\/\/galfigatto.com\/wp-content\/uploads\/2025\/10\/galfigatto4.jpg"},{"@type":"BreadcrumbList","@id":"https:\/\/galfigatto.com\/bemutatkozas\/#breadcrumb","itemListElement":[{"@type":"ListItem","position":1,"name":"Home","item":"https:\/\/galfigatto.com\/"},{"@type":"ListItem","position":2,"name":"Bemutatkoz\u00e1s"}]},{"@type":"WebSite","@id":"https:\/\/galfigatto.com\/#website","url":"https:\/\/galfigatto.com\/","name":"G\u00e1lfi Andr\u00e1s Boxing School","description":"","publisher":{"@id":"https:\/\/galfigatto.com\/#organization"},"potentialAction":[{"@type":"SearchAction","target":{"@type":"EntryPoint","urlTemplate":"https:\/\/galfigatto.com\/?s={search_term_string}"},"query-input":{"@type":"PropertyValueSpecification","valueRequired":true,"valueName":"search_term_string"}}],"inLanguage":"fr-FR"},{"@type":"Organization","@id":"https:\/\/galfigatto.com\/#organization","name":"G\u00e1lfi Andr\u00e1s Boxing School","url":"https:\/\/galfigatto.com\/","logo":{"@type":"ImageObject","inLanguage":"fr-FR","@id":"https:\/\/galfigatto.com\/#\/schema\/logo\/image\/","url":"https:\/\/galfigatto.com\/wp-content\/uploads\/2025\/08\/logo2.jpg","contentUrl":"https:\/\/galfigatto.com\/wp-content\/uploads\/2025\/08\/logo2.jpg","width":627,"height":164,"caption":"G\u00e1lfi Andr\u00e1s Boxing School"},"image":{"@id":"https:\/\/galfigatto.com\/#\/schema\/logo\/image\/"}}]}},"_links":{"self":[{"href":"https:\/\/galfigatto.com\/fr\/wp-json\/wp\/v2\/pages\/190","targetHints":{"allow":["GET"]}}],"collection":[{"href":"https:\/\/galfigatto.com\/fr\/wp-json\/wp\/v2\/pages"}],"about":[{"href":"https:\/\/galfigatto.com\/fr\/wp-json\/wp\/v2\/types\/page"}],"author":[{"embeddable":true,"href":"https:\/\/galfigatto.com\/fr\/wp-json\/wp\/v2\/users\/1"}],"replies":[{"embeddable":true,"href":"https:\/\/galfigatto.com\/fr\/wp-json\/wp\/v2\/comments?post=190"}],"version-history":[{"count":31,"href":"https:\/\/galfigatto.com\/fr\/wp-json\/wp\/v2\/pages\/190\/revisions"}],"predecessor-version":[{"id":369,"href":"https:\/\/galfigatto.com\/fr\/wp-json\/wp\/v2\/pages\/190\/revisions\/369"}],"wp:attachment":[{"href":"https:\/\/galfigatto.com\/fr\/wp-json\/wp\/v2\/media?parent=190"}],"curies":[{"name":"wp","href":"https:\/\/api.w.org\/{rel}","templated":true}]}}